{"id":20,"date":"2023-12-18T16:16:27","date_gmt":"2023-12-18T15:16:27","guid":{"rendered":"https:\/\/agh-assurances.fr\/?page_id=20"},"modified":"2024-01-12T10:42:30","modified_gmt":"2024-01-12T09:42:30","slug":"a-propos","status":"publish","type":"page","link":"https:\/\/agh-assurances.fr\/?page_id=20","title":{"rendered":"A propos de nous"},"content":{"rendered":"\n<p>Structure \u00e0 taille humaine implant\u00e9e dans la r\u00e9gion Sud depuis 2019, forts de notre d\u00e9veloppement nous intervenons aujourd&#8217;hui sur toute la France, principalement en assurance de personne.<\/p>\n\n\n\n<div class=\"wp-block-group alignfull has-accent-5-background-color has-background has-global-padding is-layout-constrained wp-block-group-is-layout-constrained\" style=\"margin-top:0;margin-bottom:0;padding-top:var(--wp--preset--spacing--50);padding-right:var(--wp--preset--spacing--50);padding-bottom:var(--wp--preset--spacing--50);padding-left:var(--wp--preset--spacing--50)\">\n<div class=\"wp-block-columns alignwide is-layout-flex wp-container-core-columns-layout-1 wp-block-columns-is-layout-flex\">\n<div class=\"wp-block-column is-vertically-aligned-center is-layout-flow wp-block-column-is-layout-flow\" style=\"flex-basis:60%\">\n<figure class=\"wp-block-image size-full is-style-rounded wp-duotone-duotone-1\"><img decoding=\"async\" src=\"https:\/\/agh-assurances.fr\/wp-content\/themes\/twentytwentyfour\/assets\/images\/abstract-geometric-art.webp\" alt=\"\u0152uvre d\u2019art g\u00e9om\u00e9trique abstraite blanche de Dresde, Allemagne\" style=\"aspect-ratio:4\/3;object-fit:cover\"\/><\/figure>\n<\/div>\n\n\n\n<div class=\"wp-block-column is-layout-flow wp-block-column-is-layout-flow\" style=\"flex-basis:40%\">\n<h3 class=\"wp-block-heading\">Obtenir une assurance emprunteur au meilleur prix<\/h3>\n\n\n\n<p>Gr\u00e2ce \u00e0 la loi Lemoine, les emprunteurs ont aujourd&#8217;hui la possibilit\u00e9 de rechercher des offres d&#8217;assurance de pr\u00eat  plus avantageuses sur le march\u00e9, \u00e0 des tarifs plus comp\u00e9titifs.<\/p>\n\n\n\n<div class=\"wp-block-buttons is-layout-flex wp-block-buttons-is-layout-flex\">\n<div class=\"wp-block-button\"><a class=\"wp-block-button__link wp-element-button\" href=\"mailto:contact@agh-assurances.fr\">Demande de contact<\/a><\/div>\n<\/div>\n<\/div>\n<\/div>\n<\/div>\n","protected":false},"excerpt":{"rendered":"<p>Structure \u00e0 taille humaine implant\u00e9e dans la r\u00e9gion Sud depuis 2019, forts de notre d\u00e9veloppement nous intervenons aujourd&#8217;hui sur toute la France, principalement en assurance de personne. Obtenir une assurance emprunteur au meilleur prix Gr\u00e2ce \u00e0 la loi Lemoine, les emprunteurs ont aujourd&#8217;hui la possibilit\u00e9 de rechercher des offres d&#8217;assurance de pr\u00eat plus avantageuses sur [&hellip;]<\/p>\n","protected":false},"author":1,"featured_media":17,"parent":0,"menu_order":0,"comment_status":"closed","ping_status":"closed","template":"","meta":{"footnotes":""},"_links":{"self":[{"href":"https:\/\/agh-assurances.fr\/index.php?rest_route=\/wp\/v2\/pages\/20"}],"collection":[{"href":"https:\/\/agh-assurances.fr\/index.php?rest_route=\/wp\/v2\/pages"}],"about":[{"href":"https:\/\/agh-assurances.fr\/index.php?rest_route=\/wp\/v2\/types\/page"}],"author":[{"embeddable":true,"href":"https:\/\/agh-assurances.fr\/index.php?rest_route=\/wp\/v2\/users\/1"}],"replies":[{"embeddable":true,"href":"https:\/\/agh-assurances.fr\/index.php?rest_route=%2Fwp%2Fv2%2Fcomments&post=20"}],"version-history":[{"count":5,"href":"https:\/\/agh-assurances.fr\/index.php?rest_route=\/wp\/v2\/pages\/20\/revisions"}],"predecessor-version":[{"id":100,"href":"https:\/\/agh-assurances.fr\/index.php?rest_route=\/wp\/v2\/pages\/20\/revisions\/100"}],"wp:featuredmedia":[{"embeddable":true,"href":"https:\/\/agh-assurances.fr\/index.php?rest_route=\/wp\/v2\/media\/17"}],"wp:attachment":[{"href":"https:\/\/agh-assurances.fr\/index.php?rest_route=%2Fwp%2Fv2%2Fmedia&parent=20"}],"curies":[{"name":"wp","href":"https:\/\/api.w.org\/{rel}","templated":true}]}}