{"id":19,"date":"2023-12-18T16:16:27","date_gmt":"2023-12-18T15:16:27","guid":{"rendered":"https:\/\/agh-assurances.fr\/?page_id=19"},"modified":"2024-01-08T15:02:29","modified_gmt":"2024-01-08T14:02:29","slug":"accueil","status":"publish","type":"page","link":"https:\/\/agh-assurances.fr\/","title":{"rendered":"Accueil"},"content":{"rendered":"\n<div class=\"wp-block-group alignfull has-global-padding is-layout-constrained wp-block-group-is-layout-constrained\" style=\"padding-top:var(--wp--preset--spacing--50);padding-right:var(--wp--preset--spacing--50);padding-bottom:var(--wp--preset--spacing--50);padding-left:var(--wp--preset--spacing--50)\">\n<div class=\"wp-block-group has-global-padding is-layout-constrained wp-container-core-group-layout-1 wp-block-group-is-layout-constrained\">\n<h1 class=\"wp-block-heading has-text-align-center has-x-large-font-size\">Une structure \u00e0 taille humaine pour une prise en charge personnalis\u00e9e de votre projet d&#8217;assurance<\/h1>\n\n\n\n<div style=\"height:1.25rem\" aria-hidden=\"true\" class=\"wp-block-spacer\"><\/div>\n\n\n\n<p class=\"has-text-align-center\">AGH Assurances est un cabinet de courtage sp\u00e9cialis\u00e9 dans la recherche des meilleurs solutions en assurance emprunteur&#8230;<\/p>\n\n\n\n<div style=\"height:1.25rem\" aria-hidden=\"true\" class=\"wp-block-spacer\"><\/div>\n\n\n\n<div class=\"wp-block-buttons is-content-justification-center is-layout-flex wp-container-core-buttons-layout-1 wp-block-buttons-is-layout-flex\">\n<div class=\"wp-block-button\"><a class=\"wp-block-button__link wp-element-button\" href=\"https:\/\/agh-assurances.fr\/?page_id=20\">En savoir plus<\/a><\/div>\n<\/div>\n<\/div>\n\n\n\n<div style=\"height:var(--wp--preset--spacing--30)\" aria-hidden=\"true\" class=\"wp-block-spacer\"><\/div>\n\n\n\n<figure class=\"wp-block-image alignwide size-full is-style-rounded\"><img decoding=\"async\" src=\"https:\/\/agh-assurances.fr\/wp-content\/themes\/twentytwentyfour\/assets\/images\/building-exterior.webp\" alt=\"Ext\u00e9rieur du b\u00e2timent \u00e0 Toronto, Canada\"\/><\/figure>\n<\/div>\n","protected":false},"excerpt":{"rendered":"<p>Une structure \u00e0 taille humaine pour une prise en charge personnalis\u00e9e de votre projet d&#8217;assurance AGH Assurances est un cabinet de courtage sp\u00e9cialis\u00e9 dans la recherche des meilleurs solutions en assurance emprunteur&#8230;<\/p>\n","protected":false},"author":1,"featured_media":0,"parent":0,"menu_order":0,"comment_status":"closed","ping_status":"closed","template":"","meta":{"footnotes":""},"_links":{"self":[{"href":"https:\/\/agh-assurances.fr\/index.php?rest_route=\/wp\/v2\/pages\/19"}],"collection":[{"href":"https:\/\/agh-assurances.fr\/index.php?rest_route=\/wp\/v2\/pages"}],"about":[{"href":"https:\/\/agh-assurances.fr\/index.php?rest_route=\/wp\/v2\/types\/page"}],"author":[{"embeddable":true,"href":"https:\/\/agh-assurances.fr\/index.php?rest_route=\/wp\/v2\/users\/1"}],"replies":[{"embeddable":true,"href":"https:\/\/agh-assurances.fr\/index.php?rest_route=%2Fwp%2Fv2%2Fcomments&post=19"}],"version-history":[{"count":5,"href":"https:\/\/agh-assurances.fr\/index.php?rest_route=\/wp\/v2\/pages\/19\/revisions"}],"predecessor-version":[{"id":83,"href":"https:\/\/agh-assurances.fr\/index.php?rest_route=\/wp\/v2\/pages\/19\/revisions\/83"}],"wp:attachment":[{"href":"https:\/\/agh-assurances.fr\/index.php?rest_route=%2Fwp%2Fv2%2Fmedia&parent=19"}],"curies":[{"name":"wp","href":"https:\/\/api.w.org\/{rel}","templated":true}]}}